{"id":2,"date":"2024-04-27T02:01:46","date_gmt":"2024-04-27T00:01:46","guid":{"rendered":"https:\/\/comite4.com\/?page_id=2"},"modified":"2024-04-29T21:50:43","modified_gmt":"2024-04-30T02:50:43","slug":"pagina-ejemplo","status":"publish","type":"page","link":"https:\/\/comite4.com\/?page_id=2","title":{"rendered":"Quienes somos"},"content":{"rendered":"\n<p>Arequipa Express Comit\u00e9 4 S.R.L<\/p>\n\n\n\n<div class=\"wp-block-cover is-light\" style=\"min-height:508px;aspect-ratio:unset;\"><span aria-hidden=\"true\" class=\"wp-block-cover__background has-background-dim\" style=\"background-color:#959295\"><\/span><img loading=\"lazy\" decoding=\"async\" width=\"2560\" height=\"1920\" class=\"wp-block-cover__image-background wp-image-20\" alt=\"\" src=\"https:\/\/comite4.com\/wp-content\/uploads\/2024\/04\/PERSONAL-LIMA-1-scaled.jpg\" style=\"object-position:50% 98%\" data-object-fit=\"cover\" data-object-position=\"50% 98%\" srcset=\"https:\/\/comite4.com\/wp-content\/uploads\/2024\/04\/PERSONAL-LIMA-1-scaled.jpg 2560w, https:\/\/comite4.com\/wp-content\/uploads\/2024\/04\/PERSONAL-LIMA-1-300x225.jpg 300w\" sizes=\"auto, (max-width: 2560px) 100vw, 2560px\" \/><div class=\"wp-block-cover__inner-container is-layout-constrained wp-block-cover-is-layout-constrained\">\n<p class=\"has-text-align-center has-large-font-size\"><\/p>\n<\/div><\/div>\n\n\n\n<p class=\"has-text-align-left\"><em>Nuestra empresa Arequipa Express Comit\u00e9 4, fue fundada por 20 socios en la ciudad de Arequipa.<\/em><\/p>\n\n\n\n<p class=\"has-text-align-left\">Con estos socios fundadores a la cabeza, Comit\u00e9 4 se inici\u00f3 con el transporte de pasajeros a la ciudad de Lima hace m\u00e1s de 90 a\u00f1os, el cual se hac\u00eda por medio de autos, en aquellos tiempos no exist\u00edan las actuales carreteras ni autopistas y los viajes duraban aproximadamente 3 d\u00edas, por los a\u00f1os 70 los viajes duraban 15 horas, es por ello que somos <strong><em>PIONEROS EN TRANSPORTE RAPIDO<\/em><\/strong>, gracias a estos viajes con destino a Lima, es que empiezan a llevar el nombre \u201cComit\u00e9 4\u201d, paradero conocido con la ruta hacia Huacho.<\/p>\n\n\n\n<p class=\"has-text-align-left\">Viendo la necesidad de las personas de querer transportar encomiendas, es que deciden adaptar los autos que utilizaban para el transporte de personas, en autos de transporte de encomienda.<\/p>\n\n\n\n<p class=\"has-text-align-left\">Durante los siguientes a\u00f1os COMIT\u00c9 4 forma la empresa <em>Arequipa Express Comit\u00e9 4 S.R.L.<\/em> que fue ampliando su flota a camiones de carga con destino a Lima y Ruta.<\/p>\n\n\n\n<p class=\"has-text-align-left\">El 27 de Octubre de 1992 da inicio la empresa Arequipa Express Comit\u00e9 4 SRL, marcando un nuevo inicio; esto trajo consigo nuevas ideas y la apuesta por convertir a la empresa en la primera en el rubro de transporte r\u00e1pido de encomiendas, sobres y carga en general.<\/p>\n\n\n\n<p class=\"has-text-align-left\">A la fecha la empresa sigue siendo conformado por 20 socios, de los cuales algunos son de la segunda y tercera generaci\u00f3n, los cuales han hecho una fuerte apuesta por mejorar la calidad de sus servicios y as\u00ed poder satisfacer las necesidades de nuestros clientes, siendo la \u00fanica empresa en entregar sus env\u00edos antes de las <strong>24 HORAS en Lima y en Arequipa<\/strong>.<\/p>\n\n\n\n<p class=\"has-text-align-left\">Actualmente contamos con una flota moderna de semi-trailers monitoreados por GPS y choferes capacitados los cuales cumplen con nuestro lema, <strong>Rapidez, Seguridad y Puntualidad<\/strong>.<\/p>\n\n\n\n<p class=\"has-text-align-left\"><em>&nbsp;&nbsp; <strong>Arequipa Express Comit\u00e9 4 SRL<\/strong><\/em> &nbsp;atiende en sus agencias de Arequipa, V\u00edtor, El Pedregal, Caman\u00e1, Oco\u00f1a, La Planchada, \u00c1tico, Chala, Yauca y Lima.<\/p>\n","protected":false},"excerpt":{"rendered":"<p>Arequipa Express Comit\u00e9 4 S.R.L Nuestra empresa Arequipa Express Comit\u00e9 4, fue fundada por 20 socios en la ciudad de Arequipa. Con estos socios fundadores a la cabeza, Comit\u00e9 4 se inici\u00f3 con el transporte de pasajeros a la ciudad de Lima hace m\u00e1s de 90 a\u00f1os, el cual se hac\u00eda por medio de autos, [&hellip;]<\/p>\n","protected":false},"author":1,"featured_media":24,"parent":0,"menu_order":0,"comment_status":"closed","ping_status":"closed","template":"","meta":{"footnotes":""},"class_list":["post-2","page","type-page","status-publish","has-post-thumbnail","hentry"],"_links":{"self":[{"href":"https:\/\/comite4.com\/index.php?rest_route=\/wp\/v2\/pages\/2","targetHints":{"allow":["GET"]}}],"collection":[{"href":"https:\/\/comite4.com\/index.php?rest_route=\/wp\/v2\/pages"}],"about":[{"href":"https:\/\/comite4.com\/index.php?rest_route=\/wp\/v2\/types\/page"}],"author":[{"embeddable":true,"href":"https:\/\/comite4.com\/index.php?rest_route=\/wp\/v2\/users\/1"}],"replies":[{"embeddable":true,"href":"https:\/\/comite4.com\/index.php?rest_route=%2Fwp%2Fv2%2Fcomments&post=2"}],"version-history":[{"count":5,"href":"https:\/\/comite4.com\/index.php?rest_route=\/wp\/v2\/pages\/2\/revisions"}],"predecessor-version":[{"id":168,"href":"https:\/\/comite4.com\/index.php?rest_route=\/wp\/v2\/pages\/2\/revisions\/168"}],"wp:featuredmedia":[{"embeddable":true,"href":"https:\/\/comite4.com\/index.php?rest_route=\/wp\/v2\/media\/24"}],"wp:attachment":[{"href":"https:\/\/comite4.com\/index.php?rest_route=%2Fwp%2Fv2%2Fmedia&parent=2"}],"curies":[{"name":"wp","href":"https:\/\/api.w.org\/{rel}","templated":true}]}}